{"id":26,"date":"2025-05-24T00:59:51","date_gmt":"2025-05-23T22:59:51","guid":{"rendered":"https:\/\/syratechsolutions.com\/?page_id=26"},"modified":"2025-06-14T23:43:59","modified_gmt":"2025-06-15T03:43:59","slug":"why-choose-us","status":"publish","type":"page","link":"https:\/\/syratechsolutions.com\/fr\/why-choose-us\/","title":{"rendered":"Pourquoi nous choisir ?"},"content":{"rendered":"<div class=\"wp-block-group has-gradient-1-gradient-background has-background has-global-padding is-layout-constrained wp-block-group-is-layout-constrained\" style=\"margin-top:0;margin-bottom:0;padding-top:var(--wp--preset--spacing--50);padding-bottom:var(--wp--preset--spacing--50)\">\n<div class=\"wp-block-columns are-vertically-aligned-top is-layout-flex wp-container-core-columns-is-layout-7fc3d43a wp-block-columns-is-layout-flex\">\n<div class=\"wp-block-column is-vertically-aligned-top wow animate__animated animate__fadeInUp is-layout-flow wp-block-column-is-layout-flow\">\n<p><\/p>\n\n\n\n<h2 class=\"wp-block-heading has-text-align-left has-heading-extra-style has-base-2-color has-text-color has-link-color wp-elements-d7478af51d6c421314d3f01e354f5e1e\" style=\"font-size:clamp(25.014px, 1.563rem + ((1vw - 3.2px) * 1.573), 42px);font-style:normal;font-weight:900;line-height:1.4\">Pourquoi nous sommes le bon choix pour votre <mark style=\"background-color:rgba(0, 0, 0, 0)\" class=\"has-inline-color has-custom-secondary-color\">Entreprises<\/mark><\/h2>\n\n\n\n<div class=\"wp-block-columns is-layout-flex wp-container-core-columns-is-layout-b5d949ab wp-block-columns-is-layout-flex\" style=\"padding-top:var(--wp--preset--spacing--30);padding-bottom:0\">\n<div class=\"wp-block-column is-layout-flow wp-block-column-is-layout-flow\">\n<div class=\"wp-block-group has-global-padding is-layout-constrained wp-container-core-group-is-layout-92f07149 wp-block-group-is-layout-constrained\" style=\"border-left-color:var(--wp--preset--color--contrast-3);border-left-width:1px;padding-top:var(--wp--preset--spacing--10);padding-right:var(--wp--preset--spacing--10);padding-bottom:var(--wp--preset--spacing--10);padding-left:var(--wp--preset--spacing--30)\">\n<h2 class=\"wp-block-heading has-base-2-color has-text-color has-link-color wp-elements-04b1f6c53012cec386bef5656f7d959c\" style=\"margin-top:0;margin-bottom:0;font-size:clamp(25.014px, 1.563rem + ((1vw - 3.2px) * 1.573), 42px);font-style:normal;font-weight:900;line-height:1.3\">100%<\/h2>\n\n\n\n<p class=\"has-base-2-color has-text-color has-link-color wp-elements-fba477976d89fd448bedf00af03d6b19\" style=\"margin-top:0;margin-bottom:0\">Taux de satisfaction des clients<\/p>\n\n\n\n<p>Nous privil\u00e9gions la confiance \u00e0 long terme et fournissons une assistance informatique coh\u00e9rente et de qualit\u00e9, adapt\u00e9e \u00e0 vos besoins.<\/p>\n<\/div>\n<\/div>\n\n\n\n<div class=\"wp-block-column is-layout-flow wp-block-column-is-layout-flow\">\n<div class=\"wp-block-group has-global-padding is-layout-constrained wp-container-core-group-is-layout-92f07149 wp-block-group-is-layout-constrained\" style=\"border-left-color:var(--wp--preset--color--contrast-3);border-left-width:1px;padding-top:var(--wp--preset--spacing--10);padding-right:var(--wp--preset--spacing--10);padding-bottom:var(--wp--preset--spacing--10);padding-left:var(--wp--preset--spacing--30)\">\n<h2 class=\"wp-block-heading has-base-2-color has-text-color has-link-color wp-elements-7861696ab7bb8800fd66f0069423c2ba\" style=\"margin-top:0;margin-bottom:0;font-size:clamp(25.014px, 1.563rem + ((1vw - 3.2px) * 1.573), 42px);font-style:normal;font-weight:900;line-height:1.3\">24\/7<\/h2>\n\n\n\n<p class=\"has-base-2-color has-text-color has-link-color wp-elements-2dc773948b87cb089c6b06373c6ee8d6\" style=\"margin-top:0;margin-bottom:0\">Disponibilit\u00e9 du support technique<\/p>\n\n\n\n<p>Notre \u00e9quipe est toujours disponible, car votre entreprise ne dort jamais.<\/p>\n<\/div>\n<\/div>\n<\/div>\n\n\n\n<div class=\"wp-block-columns is-layout-flex wp-container-core-columns-is-layout-73746dc4 wp-block-columns-is-layout-flex\" style=\"padding-top:0;padding-bottom:var(--wp--preset--spacing--30)\">\n<div class=\"wp-block-column is-layout-flow wp-block-column-is-layout-flow\">\n<div class=\"wp-block-group has-global-padding is-layout-constrained wp-container-core-group-is-layout-92f07149 wp-block-group-is-layout-constrained\" style=\"border-left-color:var(--wp--preset--color--contrast-3);border-left-width:1px;padding-top:var(--wp--preset--spacing--10);padding-right:var(--wp--preset--spacing--10);padding-bottom:var(--wp--preset--spacing--10);padding-left:var(--wp--preset--spacing--30)\">\n<h2 class=\"wp-block-heading has-base-2-color has-text-color has-link-color wp-elements-f8a5aab2d7c6e19ce86a23d7ca7274f0\" style=\"margin-top:0;margin-bottom:0;font-size:clamp(25.014px, 1.563rem + ((1vw - 3.2px) * 1.573), 42px);font-style:normal;font-weight:900;line-height:1.3\">10+<\/h2>\n\n\n\n<p class=\"has-base-2-color has-text-color has-link-color wp-elements-414331cba164e985115aa52c49f07263\" style=\"margin-top:0;margin-bottom:0\">Ann\u00e9es d'exp\u00e9rience combin\u00e9e<\/p>\n\n\n\n<p>Notre \u00e9quipe dirigeante poss\u00e8de une grande expertise dans les domaines de l'infrastructure, de la cybers\u00e9curit\u00e9 et des op\u00e9rations.<\/p>\n<\/div>\n\n\n\n<div class=\"wp-block-group has-global-padding is-layout-constrained wp-container-core-group-is-layout-92f07149 wp-block-group-is-layout-constrained\" style=\"border-left-color:var(--wp--preset--color--contrast-3);border-left-width:1px;padding-top:var(--wp--preset--spacing--10);padding-right:var(--wp--preset--spacing--10);padding-bottom:var(--wp--preset--spacing--10);padding-left:var(--wp--preset--spacing--30)\">\n<h2 class=\"wp-block-heading has-base-2-color has-text-color has-link-color wp-elements-cccd273131ba5ab1bf6aabf4b9d0c87a\" style=\"margin-top:0;margin-bottom:0;font-size:clamp(25.014px, 1.563rem + ((1vw - 3.2px) * 1.573), 42px);font-style:normal;font-weight:900;line-height:1.3\">100% canadien<\/h2>\n\n\n\n<p class=\"has-base-2-color has-text-color has-link-color wp-elements-0b6a7934e33e6d133bc751dad5207f55\" style=\"margin-top:0;margin-bottom:0\">Entreprise locale<\/p>\n\n\n\n<p>Fiers d'\u00eatre bas\u00e9s en Ontario, nous comprenons les besoins uniques des PME canadiennes.<\/p>\n<\/div>\n<\/div>\n\n\n\n<div class=\"wp-block-column is-layout-flow wp-block-column-is-layout-flow\">\n<div class=\"wp-block-group has-global-padding is-layout-constrained wp-container-core-group-is-layout-92f07149 wp-block-group-is-layout-constrained\" style=\"border-left-color:var(--wp--preset--color--contrast-3);border-left-width:1px;padding-top:var(--wp--preset--spacing--10);padding-right:var(--wp--preset--spacing--10);padding-bottom:var(--wp--preset--spacing--10);padding-left:var(--wp--preset--spacing--30)\">\n<h2 class=\"wp-block-heading has-base-2-color has-text-color has-link-color wp-elements-ce2d6aab1759d60ed98e5bfaf191f921\" style=\"margin-top:0;margin-bottom:0;font-size:clamp(25.014px, 1.563rem + ((1vw - 3.2px) * 1.573), 42px);font-style:normal;font-weight:900;line-height:1.3\">0 Temps d'arr\u00eat<\/h2>\n\n\n\n<p class=\"has-base-2-color has-text-color has-link-color wp-elements-0eecc434bee9a56b722c4f26f72df988\" style=\"margin-top:0;margin-bottom:0\">Surveillance proactive des technologies de l'information<\/p>\n\n\n\n<p>Nous surveillons et pr\u00e9venons les probl\u00e8mes avant qu'ils n'aient un impact sur votre entreprise.<\/p>\n<\/div>\n<\/div>\n<\/div>\n\n\n\n<div class=\"wp-block-buttons is-content-justification-left is-layout-flex wp-container-core-buttons-is-layout-63087798 wp-block-buttons-is-layout-flex\" style=\"padding-top:var(--wp--preset--spacing--20);padding-bottom:0\"><\/div>\n<\/div>\n\n\n\n<div class=\"wp-block-column is-vertically-aligned-top wow animate__animated animate__fadeInUp is-layout-flow wp-block-column-is-layout-flow\">\n<div class=\"wp-block-cover is-light has-custom-content-position is-position-bottom-right has-hover-effect remove-duotone has-border-color\" style=\"border-color:#fafafa6e;border-width:3px;border-radius:8px;min-height:725px;aspect-ratio:unset;\"><img decoding=\"async\" class=\"wp-block-cover__image-background wp-image-42\" alt=\"\" src=\"https:\/\/syratechsolutions.com\/wp-content\/themes\/biz-flick\/assets\/images\/testimonials-2.jpg\" data-object-fit=\"cover\"\/><span aria-hidden=\"true\" class=\"wp-block-cover__background has-background-dim-30 has-background-dim wp-block-cover__gradient-background has-background-gradient has-gradient-1-gradient-background\"><\/span><div class=\"wp-block-cover__inner-container has-global-padding is-layout-constrained wp-block-cover-is-layout-constrained\">\n<figure class=\"wp-block-image alignright size-full is-resized wp-duotone-7af0ff-7af0ff-1\"><a href=\"#\"><img decoding=\"async\" src=\"https:\/\/syratechsolutions.com\/wp-content\/themes\/biz-flick\/assets\/images\/arrow.png\" alt=\"\" class=\"wp-image-7\" style=\"width:65px\"\/><\/a><\/figure>\n<\/div><\/div>\n<\/div>\n<\/div>\n<\/div>\n\n\n\n<p><\/p>","protected":false},"excerpt":{"rendered":"<p>Why We\u2019re the Right Choice for Your Business 100% Client Satisfaction Rate We prioritize long-term trust and deliver consistent, quality-driven IT support tailored to your needs. 24\/7 Technical Support Availability Our team is always available\u2014because your business never sleeps. 10+ Years of Combined Experience Our leadership team brings deep expertise across infrastructure, cybersecurity, and operations. [&hellip;]<\/p>","protected":false},"author":1,"featured_media":0,"parent":0,"menu_order":0,"comment_status":"closed","ping_status":"closed","template":"","meta":{"footnotes":""},"class_list":["post-26","page","type-page","status-publish","hentry"],"_links":{"self":[{"href":"https:\/\/syratechsolutions.com\/fr\/wp-json\/wp\/v2\/pages\/26","targetHints":{"allow":["GET"]}}],"collection":[{"href":"https:\/\/syratechsolutions.com\/fr\/wp-json\/wp\/v2\/pages"}],"about":[{"href":"https:\/\/syratechsolutions.com\/fr\/wp-json\/wp\/v2\/types\/page"}],"author":[{"embeddable":true,"href":"https:\/\/syratechsolutions.com\/fr\/wp-json\/wp\/v2\/users\/1"}],"replies":[{"embeddable":true,"href":"https:\/\/syratechsolutions.com\/fr\/wp-json\/wp\/v2\/comments?post=26"}],"version-history":[{"count":6,"href":"https:\/\/syratechsolutions.com\/fr\/wp-json\/wp\/v2\/pages\/26\/revisions"}],"predecessor-version":[{"id":266,"href":"https:\/\/syratechsolutions.com\/fr\/wp-json\/wp\/v2\/pages\/26\/revisions\/266"}],"wp:attachment":[{"href":"https:\/\/syratechsolutions.com\/fr\/wp-json\/wp\/v2\/media?parent=26"}],"curies":[{"name":"wp","href":"https:\/\/api.w.org\/{rel}","templated":true}]}}