{"id":22,"date":"2025-05-24T00:53:20","date_gmt":"2025-05-23T22:53:20","guid":{"rendered":"https:\/\/syratechsolutions.com\/?page_id=22"},"modified":"2025-06-18T23:58:56","modified_gmt":"2025-06-19T03:58:56","slug":"about-us","status":"publish","type":"page","link":"https:\/\/syratechsolutions.com\/fr\/about-us\/","title":{"rendered":"\u00c0 propos de nous"},"content":{"rendered":"<main class=\"wp-block-group has-gradient-1-gradient-background has-background has-global-padding is-layout-constrained wp-block-group-is-layout-constrained\" style=\"margin-top:0;margin-bottom:0;padding-top:var(--wp--preset--spacing--50);padding-bottom:var(--wp--preset--spacing--50)\">\n<div class=\"wp-block-columns are-vertically-aligned-center is-layout-flex wp-container-core-columns-is-layout-7fc3d43a wp-block-columns-is-layout-flex\">\n<div class=\"wp-block-column is-vertically-aligned-center wow animate__animated animate__fadeInUp is-layout-flow wp-block-column-is-layout-flow\">\n<div class=\"wp-block-cover has-custom-content-position is-position-bottom-right has-hover-effect remove-duotone has-border-color\" style=\"border-color:#fafafa6e;border-width:3px;border-radius:8px;min-height:725px;aspect-ratio:unset;\"><img decoding=\"async\" class=\"wp-block-cover__image-background wp-image-6\" alt=\"\" src=\"https:\/\/syratechsolutions.com\/wp-content\/themes\/biz-flick\/assets\/images\/about.jpg\" data-object-fit=\"cover\"\/><span aria-hidden=\"true\" class=\"wp-block-cover__background has-background-dim wp-block-cover__gradient-background has-background-gradient has-gradient-1-gradient-background\"><\/span><div class=\"wp-block-cover__inner-container has-global-padding is-layout-constrained wp-block-cover-is-layout-constrained\">\n<figure class=\"wp-block-image alignright size-full is-resized\"><a href=\"https:\/\/syratechsolutions.com\/fr\/?page_id=22\"><img decoding=\"async\" src=\"https:\/\/syratechsolutions.com\/wp-content\/themes\/biz-flick\/assets\/images\/arrow.png\" alt=\"\" class=\"wp-image-7\" style=\"width:65px\"\/><\/a><\/figure>\n<\/div><\/div>\n<\/div>\n\n\n\n<div class=\"wp-block-column is-vertically-aligned-center wow animate__animated animate__fadeInUp is-layout-flow wp-block-column-is-layout-flow\">\n<h2 class=\"wp-block-heading has-text-align-left has-heading-extra-style has-base-2-color has-text-color has-link-color wp-elements-b504db7182e690d38e069c3193d4ee3c\" style=\"font-size:clamp(25.014px, 1.563rem + ((1vw - 3.2px) * 1.573), 42px);font-style:normal;font-weight:900;line-height:1.4\">L'innovation \u00e0 votre port\u00e9e<\/h2>\n\n\n\n<p><p style=\"text-align: justify;\"><br>\u00c0 <strong>Syratech Solutions<\/strong>En tant qu'entreprise, nous donnons du pouvoir aux entreprises en transformant leur infrastructure informatique en un catalyseur de performance, de r\u00e9silience et d'innovation. Fond\u00e9 en Ontario par un collectif de professionnels exp\u00e9riment\u00e9s dans les domaines de la technologie, des op\u00e9rations et du conseil strat\u00e9gique, nous sommes sp\u00e9cialis\u00e9s dans la fourniture de solutions informatiques compl\u00e8tes et \u00e9volutives, adapt\u00e9es aux exigences changeantes des entreprises modernes.<br><br>Nous pensons que la technologie doit \u00eatre intuitive, fiable et parfaitement align\u00e9e sur les objectifs de votre entreprise. De l'assistance technique 24\/7 \u00e0 la cybers\u00e9curit\u00e9 en passant par la gestion de r\u00e9seau et l'optimisation des actifs informatiques, nos services sont con\u00e7us non seulement pour r\u00e9soudre les probl\u00e8mes, mais aussi pour les anticiper.<br><br>Ce qui nous distingue, c'est notre engagement en faveur du partenariat. Nous ne nous contentons pas de fournir une assistance ; nous nous int\u00e9grons dans votre \u00e9cosyst\u00e8me num\u00e9rique, en offrant une surveillance proactive, des perspectives strat\u00e9giques et une approche pratique qui \u00e9volue avec vous. Notre \u00e9quipe rassemble des dizaines d'ann\u00e9es d'expertise collective dans divers secteurs, ce qui garantit que chaque solution est \u00e0 la fois solide sur le plan technique et intelligente sur le plan commercial.<br><br><strong>L'innovation est notre moteur. L'int\u00e9grit\u00e9 nous d\u00e9finit.<\/strong><br>\u00c0 <strong>Syratech Solutions<\/strong>Nous ne nous contentons pas de soutenir vos syst\u00e8mes, nous \u00e9levons votre potentiel.<br><\/p><\/p>\n<\/div>\n<\/div>\n<\/main>","protected":false},"excerpt":{"rendered":"<p>Innovation Within your Reach At Syratech Solutions, we empower businesses by transforming their IT infrastructure into a catalyst for performance, resilience, and innovation. Founded in Ontario by a collective of experienced professionals in technology, operations, and strategic consulting, we specialize in delivering comprehensive and scalable IT solutions tailored to the evolving demands of modern enterprises. [&hellip;]<\/p>","protected":false},"author":1,"featured_media":0,"parent":0,"menu_order":0,"comment_status":"closed","ping_status":"closed","template":"","meta":{"footnotes":""},"class_list":["post-22","page","type-page","status-publish","hentry"],"_links":{"self":[{"href":"https:\/\/syratechsolutions.com\/fr\/wp-json\/wp\/v2\/pages\/22","targetHints":{"allow":["GET"]}}],"collection":[{"href":"https:\/\/syratechsolutions.com\/fr\/wp-json\/wp\/v2\/pages"}],"about":[{"href":"https:\/\/syratechsolutions.com\/fr\/wp-json\/wp\/v2\/types\/page"}],"author":[{"embeddable":true,"href":"https:\/\/syratechsolutions.com\/fr\/wp-json\/wp\/v2\/users\/1"}],"replies":[{"embeddable":true,"href":"https:\/\/syratechsolutions.com\/fr\/wp-json\/wp\/v2\/comments?post=22"}],"version-history":[{"count":9,"href":"https:\/\/syratechsolutions.com\/fr\/wp-json\/wp\/v2\/pages\/22\/revisions"}],"predecessor-version":[{"id":377,"href":"https:\/\/syratechsolutions.com\/fr\/wp-json\/wp\/v2\/pages\/22\/revisions\/377"}],"wp:attachment":[{"href":"https:\/\/syratechsolutions.com\/fr\/wp-json\/wp\/v2\/media?parent=22"}],"curies":[{"name":"wp","href":"https:\/\/api.w.org\/{rel}","templated":true}]}}