{"id":10,"date":"2025-05-24T00:31:36","date_gmt":"2025-05-23T22:31:36","guid":{"rendered":"https:\/\/syratechsolutions.com\/?page_id=10"},"modified":"2026-02-05T00:05:31","modified_gmt":"2026-02-05T05:05:31","slug":"services","status":"publish","type":"page","link":"https:\/\/syratechsolutions.com\/fr\/services\/","title":{"rendered":"Services"},"content":{"rendered":"<div class=\"wp-block-group has-gradient-6-gradient-background has-background has-global-padding is-layout-constrained wp-block-group-is-layout-constrained\" style=\"margin-top:0;margin-bottom:0;padding-top:var(--wp--preset--spacing--50);padding-bottom:var(--wp--preset--spacing--50)\">\n<div class=\"wp-block-group has-global-padding is-layout-constrained wp-container-core-group-is-layout-e4eaaeb1 wp-block-group-is-layout-constrained\">\n<h2 class=\"wp-block-heading has-text-align-center has-heading-extra-style has-base-2-color has-text-color has-link-color wp-elements-c12fd7d73444c7cb0c6b4cf76dbb7d85\" style=\"font-size:clamp(25.014px, 1.563rem + ((1vw - 3.2px) * 1.573), 42px);font-style:normal;font-weight:900;line-height:1.4\">Les services que nous fournissons<\/h2>\n\n\n\n<p class=\"has-text-align-justify\">\u00c0 <strong>Solutions SYRATech<\/strong>, Nous offrons une gamme compl\u00e8te de services informatiques adapt\u00e9s aux petites et moyennes entreprises, aux organisations locales et aux soci\u00e9t\u00e9s internationales.<\/p>\n\n\n\n<p class=\"has-text-align-justify\">Notre <strong>\u00e9quipe bilingue<\/strong> vous apporte <strong>expertise technique<\/strong>, <strong>l'engagement des clients<\/strong>et <strong>des solutions \u00e9volutives<\/strong> afin d'assurer la <strong>performance<\/strong>, <strong>s\u00e9curit\u00e9<\/strong>et <strong>continuit\u00e9<\/strong> de vos op\u00e9rations.<\/p>\n<\/div>\n\n\n\n<div class=\"wp-block-columns is-layout-flex wp-container-core-columns-is-layout-12a0b04b wp-block-columns-is-layout-flex\" style=\"padding-top:var(--wp--preset--spacing--40)\">\n<div class=\"wp-block-column is-layout-flow wp-block-column-is-layout-flow\">\n<div class=\"wp-block-group has-hover-effect services-box has-border-color has-gradient-4-gradient-background has-background has-global-padding is-content-justification-left is-layout-constrained wp-container-core-group-is-layout-c1cd3b84 wp-block-group-is-layout-constrained\" style=\"border-color:#636363;border-width:1px;border-radius:8px;padding-top:var(--wp--preset--spacing--30);padding-right:var(--wp--preset--spacing--30);padding-bottom:var(--wp--preset--spacing--30);padding-left:var(--wp--preset--spacing--30)\">\n<div class=\"wp-block-group is-nowrap is-layout-flex wp-container-core-group-is-layout-58dc1852 wp-block-group-is-layout-flex\">\n<figure class=\"wp-block-image aligncenter size-full is-resized is-style-default wp-duotone-unset-1\"><img decoding=\"async\" src=\"https:\/\/syratechsolutions.com\/wp-content\/themes\/biz-flick\/assets\/images\/icon-1.png\" alt=\"\" class=\"wp-image-150\" style=\"object-fit:contain;width:116px;height:auto\"\/><\/figure>\n\n\n\n<div class=\"wp-block-group has-global-padding is-layout-constrained wp-block-group-is-layout-constrained\">\n<h2 class=\"wp-block-heading has-text-align-left has-base-2-color has-text-color has-link-color wp-elements-2a9b975b8aed9d6a7e179450b2ae2f3a\" style=\"margin-top:0;margin-bottom:0;font-size:clamp(16.834px, 1.052rem + ((1vw - 3.2px) * 0.849), 26px);font-style:normal;font-weight:600\"><strong>Assistance technique informatique 24 heures sur 24, 7 jours sur 7<\/strong><\/h2>\n\n\n\n<p class=\"has-text-align-left\" style=\"margin-top:var(--wp--preset--spacing--20);margin-bottom:var(--wp--preset--spacing--10)\">B\u00e9n\u00e9ficiez d'une assistance informatique experte \u00e0 tout moment, de jour comme de nuit :<\/p>\n\n\n\n<ul class=\"wp-block-list\">\n<li>Aide instantan\u00e9e par t\u00e9l\u00e9phone, courrier \u00e9lectronique ou portail en ligne<\/li>\n\n\n\n<li>D\u00e9pannage \u00e0 distance et sur site<\/li>\n\n\n\n<li>Suivi des tickets avec des accords de niveau de service (SLA) garantis<\/li>\n\n\n\n<li>Agents d'assistance sympathiques et bilingues<\/li>\n\n\n\n<li>R\u00e9ponse rapide, solutions claires<\/li>\n<\/ul>\n\n\n\n<p class=\"has-text-align-left\" style=\"margin-top:var(--wp--preset--spacing--20);margin-bottom:var(--wp--preset--spacing--10)\">Vos probl\u00e8mes informatiques ne dorment pas. Nous non plus.<\/p>\n\n\n\n<div class=\"wp-block-buttons is-content-justification-left is-layout-flex wp-container-core-buttons-is-layout-8c42d7ec wp-block-buttons-is-layout-flex\" style=\"padding-top:var(--wp--preset--spacing--10);padding-bottom:0\"><\/div>\n<\/div>\n<\/div>\n<\/div>\n<\/div>\n\n\n\n<div class=\"wp-block-column is-layout-flow wp-block-column-is-layout-flow\">\n<div class=\"wp-block-group has-hover-effect services-box has-border-color has-gradient-4-gradient-background has-background has-global-padding is-content-justification-left is-layout-constrained wp-container-core-group-is-layout-c1cd3b84 wp-block-group-is-layout-constrained\" style=\"border-color:#636363;border-width:1px;border-radius:8px;padding-top:var(--wp--preset--spacing--30);padding-right:var(--wp--preset--spacing--30);padding-bottom:var(--wp--preset--spacing--30);padding-left:var(--wp--preset--spacing--30)\">\n<div class=\"wp-block-group is-nowrap is-layout-flex wp-container-core-group-is-layout-58dc1852 wp-block-group-is-layout-flex\">\n<figure class=\"wp-block-image aligncenter size-full is-resized is-style-default wp-duotone-unset-2\"><img decoding=\"async\" src=\"https:\/\/syratechsolutions.com\/wp-content\/themes\/biz-flick\/assets\/images\/icon-2.png\" alt=\"\" class=\"wp-image-166\" style=\"object-fit:contain;width:100px;height:100px\"\/><\/figure>\n\n\n\n<div class=\"wp-block-group has-global-padding is-layout-constrained wp-block-group-is-layout-constrained\">\n<h2 class=\"wp-block-heading has-text-align-left has-base-2-color has-text-color has-link-color wp-elements-d00cb7e9951fb7c275bdeaae0b7d5da3\" style=\"margin-top:0;margin-bottom:0;font-size:clamp(16.834px, 1.052rem + ((1vw - 3.2px) * 0.849), 26px);font-style:normal;font-weight:600\"><strong>Sauvegarde et reprise apr\u00e8s sinistre<\/strong><\/h2>\n\n\n\n<p class=\"has-text-align-left\" style=\"margin-top:var(--wp--preset--spacing--20);margin-bottom:var(--wp--preset--spacing--10)\">Assurez la continuit\u00e9 de vos activit\u00e9s gr\u00e2ce \u00e0 une protection des donn\u00e9es fiable et automatis\u00e9e :<\/p>\n\n\n\n<ul class=\"wp-block-list\">\n<li>Sauvegardes cloud et locales<\/li>\n\n\n\n<li>Planification automatis\u00e9e et stockage s\u00e9curis\u00e9<\/li>\n\n\n\n<li>Plans de reprise apr\u00e8s sinistre en cas de panne, d\u2019attaque ou de perte de donn\u00e9es<\/li>\n\n\n\n<li>Restauration rapide pour minimiser les temps d\u2019arr\u00eat<\/li>\n\n\n\n<li>Chiffrement de bout en bout et conformit\u00e9<\/li>\n<\/ul>\n\n\n\n<p class=\"has-text-align-left\" style=\"margin-top:var(--wp--preset--spacing--20);margin-bottom:var(--wp--preset--spacing--10)\">Parce que vos donn\u00e9es sont inestimables \u2014 et que leur r\u00e9cup\u00e9ration ne devrait jamais relever du hasard.<\/p>\n\n\n\n<div class=\"wp-block-buttons is-content-justification-left is-layout-flex wp-container-core-buttons-is-layout-8c42d7ec wp-block-buttons-is-layout-flex\" style=\"padding-top:var(--wp--preset--spacing--10);padding-bottom:0\"><\/div>\n<\/div>\n<\/div>\n<\/div>\n<\/div>\n<\/div>\n\n\n\n<div class=\"wp-block-columns is-layout-flex wp-container-core-columns-is-layout-e79a657b wp-block-columns-is-layout-flex\" style=\"padding-top:0\">\n<div class=\"wp-block-column is-layout-flow wp-block-column-is-layout-flow\">\n<div class=\"wp-block-group has-hover-effect services-box has-border-color has-gradient-4-gradient-background has-background has-global-padding is-content-justification-left is-layout-constrained wp-container-core-group-is-layout-c1cd3b84 wp-block-group-is-layout-constrained\" style=\"border-color:#636363;border-width:1px;border-radius:8px;padding-top:var(--wp--preset--spacing--30);padding-right:var(--wp--preset--spacing--30);padding-bottom:var(--wp--preset--spacing--30);padding-left:var(--wp--preset--spacing--30)\">\n<div class=\"wp-block-group is-nowrap is-layout-flex wp-container-core-group-is-layout-58dc1852 wp-block-group-is-layout-flex\">\n<figure class=\"wp-block-image aligncenter size-full is-resized is-style-default wp-duotone-unset-3\"><img decoding=\"async\" src=\"https:\/\/syratechsolutions.com\/wp-content\/themes\/biz-flick\/assets\/images\/icon-3.png\" alt=\"\" class=\"wp-image-169\" style=\"object-fit:contain;width:82px;height:auto\"\/><\/figure>\n\n\n\n<div class=\"wp-block-group has-global-padding is-layout-constrained wp-block-group-is-layout-constrained\">\n<h2 class=\"wp-block-heading has-text-align-left has-base-2-color has-text-color has-link-color wp-elements-24c12b84593b4743d28104e1f66b65a2\" style=\"margin-top:0;margin-bottom:0;font-size:clamp(16.834px, 1.052rem + ((1vw - 3.2px) * 0.849), 26px);font-style:normal;font-weight:600\"><strong>Installation et gestion de r\u00e9seaux<\/strong><\/h2>\n\n\n\n<p>Nous concevons, d\u00e9ployons et g\u00e9rons des r\u00e9seaux s\u00e9curis\u00e9s et \u00e9volutifs adapt\u00e9s \u00e0 votre activit\u00e9 :<\/p>\n\n\n\n<ul class=\"wp-block-list\">\n<li>Configuration filaire et Wi-Fi<\/li>\n\n\n\n<li>VLAN, VPN et configuration de pare-feu<\/li>\n\n\n\n<li>Optimisation de la qualit\u00e9 de service pour la VoIP et les applications en nuage<\/li>\n\n\n\n<li>Surveillance et maintenance \u00e0 distance<\/li>\n\n\n\n<li>Une architecture \u00e9volutive qui grandit avec vous<\/li>\n<\/ul>\n\n\n\n<p>Votre r\u00e9seau est l'\u00e9pine dorsale de votre entreprise. Faisons en sorte qu'il soit solide comme le roc.<\/p>\n\n\n\n<div class=\"wp-block-buttons is-content-justification-left is-layout-flex wp-container-core-buttons-is-layout-8c42d7ec wp-block-buttons-is-layout-flex\" style=\"padding-top:var(--wp--preset--spacing--10);padding-bottom:0\"><\/div>\n<\/div>\n<\/div>\n<\/div>\n<\/div>\n\n\n\n<div class=\"wp-block-column is-layout-flow wp-block-column-is-layout-flow\">\n<div class=\"wp-block-group has-hover-effect services-box has-border-color has-gradient-4-gradient-background has-background has-global-padding is-content-justification-left is-layout-constrained wp-container-core-group-is-layout-c1cd3b84 wp-block-group-is-layout-constrained\" style=\"border-color:#636363;border-width:1px;border-radius:8px;padding-top:var(--wp--preset--spacing--30);padding-right:var(--wp--preset--spacing--30);padding-bottom:var(--wp--preset--spacing--30);padding-left:var(--wp--preset--spacing--30)\">\n<div class=\"wp-block-group is-nowrap is-layout-flex wp-container-core-group-is-layout-58dc1852 wp-block-group-is-layout-flex\">\n<figure class=\"wp-block-image aligncenter size-full is-resized is-style-default wp-duotone-unset-4\"><img decoding=\"async\" src=\"https:\/\/syratechsolutions.com\/wp-content\/themes\/biz-flick\/assets\/images\/icon-4.png\" alt=\"\" class=\"wp-image-171\" style=\"aspect-ratio:1;object-fit:contain;width:106px;height:auto\"\/><\/figure>\n\n\n\n<div class=\"wp-block-group has-global-padding is-layout-constrained wp-block-group-is-layout-constrained\">\n<h2 class=\"wp-block-heading has-text-align-left has-base-2-color has-text-color has-link-color wp-elements-4d553127116252b582c3fda9b33408d9\" style=\"margin-top:0;margin-bottom:0;font-size:clamp(16.834px, 1.052rem + ((1vw - 3.2px) * 0.849), 26px);font-style:normal;font-weight:600\"><strong>Conseil en informatique et services manag\u00e9s<\/strong><\/h2>\n\n\n\n<p class=\"has-text-align-left\" style=\"margin-top:var(--wp--preset--spacing--20);margin-bottom:var(--wp--preset--spacing--10)\">Confiez-nous votre informatique pendant que vous vous concentrez sur la croissance de votre entreprise :<\/p>\n\n\n\n<ul class=\"wp-block-list\">\n<li>\u00c9valuation technologique et planification de la feuille de route<\/li>\n\n\n\n<li>Strat\u00e9gies TI sur mesure, align\u00e9es sur vos objectifs<\/li>\n\n\n\n<li>Externalisation totale ou partielle des TI<\/li>\n\n\n\n<li>Support proactif et optimisation continue<\/li>\n<\/ul>\n\n\n\n<p class=\"has-text-align-left\" style=\"margin-top:var(--wp--preset--spacing--20);margin-bottom:var(--wp--preset--spacing--10)\">Nous ne faisons pas que g\u00e9rer votre informatique \u2014 nous la propulsons vers l\u2019avenir.<\/p>\n\n\n\n<div class=\"wp-block-buttons is-content-justification-left is-layout-flex wp-container-core-buttons-is-layout-8c42d7ec wp-block-buttons-is-layout-flex\" style=\"padding-top:var(--wp--preset--spacing--10);padding-bottom:0\"><\/div>\n<\/div>\n<\/div>\n<\/div>\n<\/div>\n<\/div>\n\n\n\n<div class=\"wp-block-buttons is-content-justification-center is-layout-flex wp-container-core-buttons-is-layout-9a3ea1d7 wp-block-buttons-is-layout-flex\" style=\"padding-top:var(--wp--preset--spacing--30);padding-bottom:0\"><\/div>\n<\/div>","protected":false},"excerpt":{"rendered":"<p>Services We Provide At SYRATech Solutions, we offer a full range of IT services tailored to small and medium-sized businesses, local organizations, and international companies. Our bilingual team brings you technical expertise, customer commitment, and scalable solutions to ensure the performance, security, and continuity of your operations. IT Technical Support 24\/7 Get expert IT support [&hellip;]<\/p>","protected":false},"author":1,"featured_media":0,"parent":0,"menu_order":0,"comment_status":"closed","ping_status":"closed","template":"","meta":{"footnotes":""},"class_list":["post-10","page","type-page","status-publish","hentry"],"_links":{"self":[{"href":"https:\/\/syratechsolutions.com\/fr\/wp-json\/wp\/v2\/pages\/10","targetHints":{"allow":["GET"]}}],"collection":[{"href":"https:\/\/syratechsolutions.com\/fr\/wp-json\/wp\/v2\/pages"}],"about":[{"href":"https:\/\/syratechsolutions.com\/fr\/wp-json\/wp\/v2\/types\/page"}],"author":[{"embeddable":true,"href":"https:\/\/syratechsolutions.com\/fr\/wp-json\/wp\/v2\/users\/1"}],"replies":[{"embeddable":true,"href":"https:\/\/syratechsolutions.com\/fr\/wp-json\/wp\/v2\/comments?post=10"}],"version-history":[{"count":16,"href":"https:\/\/syratechsolutions.com\/fr\/wp-json\/wp\/v2\/pages\/10\/revisions"}],"predecessor-version":[{"id":414,"href":"https:\/\/syratechsolutions.com\/fr\/wp-json\/wp\/v2\/pages\/10\/revisions\/414"}],"wp:attachment":[{"href":"https:\/\/syratechsolutions.com\/fr\/wp-json\/wp\/v2\/media?parent=10"}],"curies":[{"name":"wp","href":"https:\/\/api.w.org\/{rel}","templated":true}]}}